{"id":1462,"date":"2024-01-24T19:38:04","date_gmt":"2024-01-24T19:38:04","guid":{"rendered":"https:\/\/framest.lt\/?page_id=1462"},"modified":"2024-02-24T12:19:02","modified_gmt":"2024-02-24T12:19:02","slug":"privatumo-politika","status":"publish","type":"page","link":"https:\/\/framest.lt\/index.php\/privatumo-politika\/","title":{"rendered":""},"content":{"rendered":"\n<div class=\"wp-block-cover alignfull is-light\" style=\"padding-right:var(--wp--preset--spacing--20);padding-left:var(--wp--preset--spacing--20);min-height:600px\"><span aria-hidden=\"true\" class=\"wp-block-cover__background has-nv-site-bg-background-color has-background-dim-0 has-background-dim\"><\/span><div class=\"wp-block-cover__inner-container is-layout-flow wp-block-cover-is-layout-flow\">\n<p class=\"has-text-align-center has-neve-link-hover-color-color has-text-color has-link-color wp-elements-a3a926360dc8234230f23b6504598c60\" style=\"font-size:30px\"><strong>Privatumo politika<\/strong><\/p>\n\n\n\n<div class=\"wp-block-group is-layout-flow wp-block-group-is-layout-flow\"><div class=\"wp-block-group__inner-container\">\n<div class=\"wp-block-columns are-vertically-aligned-center has-neve-link-hover-color-color has-text-color has-link-color wp-elements-9643dd01515eef9ae9cba90a8f8f5574 is-layout-flex wp-container-core-columns-layout-1 wp-block-columns-is-layout-flex\" style=\"padding-top:var(--wp--preset--spacing--40);padding-right:var(--wp--preset--spacing--50);padding-bottom:var(--wp--preset--spacing--40);padding-left:var(--wp--preset--spacing--70)\">\n<div class=\"wp-block-column is-layout-flow wp-block-column-is-layout-flow\" style=\"flex-basis:100%\">\n<p><strong>1. BENDROSIOS NUOSTATOS<\/strong><\/p>\n\n\n\n<p>1.1. \u0160i privatumo politika reglamentuoja tinklapio www.framest.lt (toliau \u2013 tinklapis) pagrindinius asmens duomen\u0173 rinkimo, tvarkymo ir saugojimo principus, slapuk\u0173 naudojimo tvark\u0105.<br>1.2 www.framest.lt gerbia J\u016bs\u0173 privatum\u0105, tod\u0117l u\u017etikrina J\u016bs\u0173 asmenin\u0117s informacijos, pateiktos www.framest.lt tinklapyje, saugum\u0105 ir konfidencialum\u0105 pagal Privatumo politikoje i\u0161d\u0117stytas s\u0105lygas.<br>1.3 www.framest.lt patvirtina, jog \u012fgyvendinant \u0161i\u0105 Interneto svetain\u0117je naudojam\u0173 slapuk\u0173 politik\u0105 grie\u017etai laikomasi Lietuvos Respublikos asmens duomen\u0173 teisin\u0117s apsaugos \u012fstatymo, 2016 m. baland\u017eio 27 d. Europos Parlamento ir Tarybos reglamento (ES) 2016\/679 d\u0117l fizini\u0173 asmen\u0173 apsaugos tvarkant asmens duomenis ir d\u0117l laisvo toki\u0173 duomen\u0173 jud\u0117jimo bei kit\u0173 teis\u0117s akt\u0173, reglamentuojan\u010di\u0173 asmens duomen\u0173 apsaug\u0105, nuostat\u0173.<\/p>\n\n\n\n<p><strong>2. ASMENS DUOMEN\u0172 RINKIMAS, TVARKYMAS IR SAUGOJIMAS<\/strong><\/p>\n\n\n\n<p>2.1 www.framest.lt tinklapio u\u017eklausos formoje nurodydami savo asmens duomenis, sutinkate, kad www.framest.lt juos valdys ir tvarkys \u0161ioje privatumo politikoje bei LR teis\u0117s aktuose numatytais tikslais, priemon\u0117mis ir tvarka.<br>2.3. www.framest.lt tinklapio u\u017eklausos formoje J\u016bs\u0173 asmens duomenys (vardas, pavard\u0117, adresas, telefono numeris, elektroninio pa\u0161to adresas ir kita formoje pateikta informacija) renkami ir tvarkomi \u0161iems tikslams:<br>2.3.1 Apdoroti ir vykdyti J\u016bs\u0173 u\u017eklausas;<br>2.3.2 Pateikti paslaug\u0173 pasi\u016blymus pagal J\u016bs\u0173 u\u017eklaus\u0105;<br>2.3.3 I\u0161ra\u0161yti finansinius dokumentus (pvz., s\u0105skaitas fakt\u016bras);<br>2.3.4 Vykdyti kitus pardavimo \u012fsipareigojimus.<\/p>\n\n\n\n<p><strong>3. SLAPUK\u0172 NAUDOJIMO TVARKA<\/strong><\/p>\n\n\n\n<p>3.1 Informuojame, jog, siekiant Jums pasi\u016blyti skland\u0173 informacijos pateikim\u0105 bei visavertes paslaugas, www.framest.lt tinklapyje naudojami slapukai (angl. cookies). Slapukai yra \u012fra\u0161omi J\u016bs\u0173 kompiuteryje ar kitame J\u016bs\u0173 naudojamame \u012frenginyje ir yra naudojami tam, kad gal\u0117tume u\u017etikrinti teikiam\u0173 paslaug\u0173 kokyb\u0119, atpa\u017eindami Jus kaip ankstesn\u012f svetain\u0117s naudotoj\u0105; renkant svetain\u0117s lankomumo statistik\u0105.<br>3.2 Atidarydami www.framest.lt tinklap\u012f ir nar\u0161ydami toliau, J\u016bs sutinkate, kad slapukai b\u016bt\u0173 i\u0161saugoti J\u016bs\u0173 kompiuteryje, telefone, plan\u0161et\u0117je ar kitame naudojamame \u012frenginyje.<br>3.3. Savo duot\u0105 sutikim\u0105 galite bet kada at\u0161aukti, pakeisdami savo interneto nar\u0161ykl\u0117s nustatymus. I\u0161samesn\u0117s informacijos pateikiama adresu AllAboutCookies.org. Galite i\u0161trinti visus j\u016bs\u0173 kompiuteryje jau esan\u010dius slapukus, o daugum\u0105 nar\u0161ykli\u0173 nustatyti taip, kad slapukai neb\u016bt\u0173 \u012fra\u0161omi j\u016bs\u0173 \u012frenginyje. Ta\u010diau tokiu atveju jums gali reik\u0117ti rankiniu b\u016bdu pakeisti kai kurias parinktis kaskart, kai lankysit\u0117s interneto svetain\u0117je, o kai kurios paslaugos ir funkcijos gali neveikti.<\/p>\n\n\n\n<p><strong>4. BAIGIAMOSIOS NUOSTATOS<\/strong><\/p>\n\n\n\n<p>4.1 Tolimesnis naudojimasis www.framest.lt tinklapio paslaugomis rei\u0161kia \u0161ios privatumo politikos laikym\u0105si.<br>4.2 www.framest.lt turi teis\u0119 i\u0161 dalies ar visi\u0161kai pakeisti privatumo politik\u0105 ir apie tai paskelbti tinklapyje. Visi i\u0161kil\u0119 nesutarimai ir gin\u010dai sprend\u017eiami vadovaujantis geranori\u0161kumo principu. Nepavykus susitarti, gin\u010dai sprend\u017eiami pagal LR \u012fstatymus.<\/p>\n<\/div>\n<\/div>\n<\/div><\/div>\n<\/div><\/div>\n\n\n\n<div class=\"wp-block-cover aligncenter has-neve-link-color-color has-text-color has-link-color has-x-large-font-size wp-elements-3cdba8fc2d83731575dea2cfe34d5407\" style=\"border-style:none;border-width:0px;border-radius:0px;padding-top:0;padding-bottom:0;min-height:50px\"><span aria-hidden=\"true\" class=\"wp-block-cover__background has-nv-light-bg-background-color has-background-dim-100 has-background-dim\"><\/span><div class=\"wp-block-cover__inner-container is-layout-constrained wp-block-cover-is-layout-constrained\">\n<p class=\"has-text-align-center has-small-font-size\">\u00a92024 MB &#8222;Framest statyba&#8221;. Visos teis\u0117s saugomos |\u00a0<a href=\"http:\/\/framest.lt\/index.php\/privatumo-politika\/\" title=\"Privatumo politika\">Privatumo politika<\/a><\/p>\n<\/div><\/div>\n","protected":false},"excerpt":{"rendered":"","protected":false},"author":1,"featured_media":0,"parent":0,"menu_order":0,"comment_status":"closed","ping_status":"closed","template":"","meta":{"om_disable_all_campaigns":false,"_uag_custom_page_level_css":"","_monsterinsights_skip_tracking":false,"_monsterinsights_sitenote_active":false,"_monsterinsights_sitenote_note":"","_monsterinsights_sitenote_category":0,"neve_meta_sidebar":"","neve_meta_container":"","neve_meta_enable_content_width":"","neve_meta_content_width":0,"neve_meta_title_alignment":"","neve_meta_author_avatar":"","neve_post_elements_order":"","neve_meta_disable_header":"","neve_meta_disable_footer":"","neve_meta_disable_title":"","_kadence_starter_templates_imported_post":false,"footnotes":""},"aioseo_notices":[],"uagb_featured_image_src":{"full":false,"thumbnail":false,"medium":false,"medium_large":false,"large":false,"1536x1536":false,"2048x2048":false,"neve-blog":false},"uagb_author_info":{"display_name":"framest.lt","author_link":"https:\/\/framest.lt\/index.php\/author\/framest-lt\/"},"uagb_comment_info":0,"uagb_excerpt":null,"_links":{"self":[{"href":"https:\/\/framest.lt\/index.php\/wp-json\/wp\/v2\/pages\/1462"}],"collection":[{"href":"https:\/\/framest.lt\/index.php\/wp-json\/wp\/v2\/pages"}],"about":[{"href":"https:\/\/framest.lt\/index.php\/wp-json\/wp\/v2\/types\/page"}],"author":[{"embeddable":true,"href":"https:\/\/framest.lt\/index.php\/wp-json\/wp\/v2\/users\/1"}],"replies":[{"embeddable":true,"href":"https:\/\/framest.lt\/index.php\/wp-json\/wp\/v2\/comments?post=1462"}],"version-history":[{"count":15,"href":"https:\/\/framest.lt\/index.php\/wp-json\/wp\/v2\/pages\/1462\/revisions"}],"predecessor-version":[{"id":1536,"href":"https:\/\/framest.lt\/index.php\/wp-json\/wp\/v2\/pages\/1462\/revisions\/1536"}],"wp:attachment":[{"href":"https:\/\/framest.lt\/index.php\/wp-json\/wp\/v2\/media?parent=1462"}],"curies":[{"name":"wp","href":"https:\/\/api.w.org\/{rel}","templated":true}]}}