{"id":173,"date":"2024-01-08T20:10:47","date_gmt":"2024-01-08T20:10:47","guid":{"rendered":"https:\/\/framest.lt\/?page_id=173"},"modified":"2024-02-24T12:46:34","modified_gmt":"2024-02-24T12:46:34","slug":"kontaktai","status":"publish","type":"page","link":"https:\/\/framest.lt\/index.php\/kontaktai\/","title":{"rendered":"Kontaktai"},"content":{"rendered":"\n<h2 class=\"wp-block-heading has-text-align-center has-neve-link-color-color has-neve-link-hover-color-background-color has-text-color has-background has-link-color wp-elements-d4761d4aab4f58a44187820d2c5f645a\" style=\"font-size:30px;font-style:normal;font-weight:100;text-transform:uppercase\">KONTAKTAI<\/h2>\n\n\n\n<div class=\"wp-block-uagb-container uagb-block-d09bcccb alignfull uagb-is-root-container\"><div class=\"uagb-container-inner-blocks-wrap\">\n<div class=\"wp-block-uagb-container uagb-block-9a90daa4\">\n<div class=\"wp-block-uagb-forms uagb-forms__outer-wrap uagb-block-2884e488 uagb-forms__default-btn\"><form class=\"uagb-forms-main-form\" method=\"post\" autocomplete=\"on\" name=\"uagb-form-2884e488\">\n<div class=\"wp-block-uagb-forms-name uagb-forms-name-wrap uagb-forms-field-set uagb-block-a3de6022 uag-col-2\"><div class=\"uagb-forms-name-label  uagb-forms-input-label\" id=\"a3de6022\"><strong><mark style=\"background-color:rgba(0, 0, 0, 0)\" class=\"has-inline-color has-neve-link-hover-color-color\">Vardas<\/mark><\/strong><\/div><input type=\"text\" placeholder=\"\" class=\"uagb-forms-name-input uagb-forms-input\" name=\"a3de6022\" autocomplete=\"given-name\"\/><\/div>\n\n\n\n<div class=\"wp-block-uagb-forms-name uagb-forms-name-wrap uagb-forms-field-set uagb-block-e4189235 uag-col-2\"><div class=\"uagb-forms-name-label  uagb-forms-input-label\" id=\"e4189235\"><strong><mark style=\"background-color:rgba(0, 0, 0, 0)\" class=\"has-inline-color has-neve-link-hover-color-color\">Pavard\u0117<\/mark><\/strong><\/div><input type=\"text\" placeholder=\"\" class=\"uagb-forms-name-input uagb-forms-input\" name=\"e4189235\" autocomplete=\"off\"\/><\/div>\n\n\n\n<div class=\"wp-block-uagb-forms-name uagb-forms-name-wrap uagb-forms-field-set uagb-block-65fab12f uag-col-2\"><div class=\"uagb-forms-name-label  uagb-forms-input-label\" id=\"65fab12f\"><strong><mark style=\"background-color:rgba(0, 0, 0, 0)\" class=\"has-inline-color has-neve-link-hover-color-color\">Telefonas<\/mark><\/strong><\/div><input type=\"text\" placeholder=\"\" class=\"uagb-forms-name-input uagb-forms-input\" name=\"65fab12f\" autocomplete=\"off\"\/><\/div>\n\n\n\n<div class=\"wp-block-uagb-forms-email uagb-forms-email-wrap uagb-forms-field-set uagb-block-606486ca\"><div class=\"uagb-forms-email-label  uagb-forms-input-label\" id=\"606486ca\"><strong><mark style=\"background-color:rgba(0, 0, 0, 0)\" class=\"has-inline-color has-neve-link-hover-color-color\">El. pa\u0161tas<\/mark><\/strong><\/div><input type=\"email\" class=\"uagb-forms-email-input uagb-forms-input\" placeholder=\"\" name=\"606486ca\" autocomplete=\"email\"\/><\/div>\n\n\n\n<div class=\"wp-block-uagb-forms-textarea uagb-forms-textarea-wrap uagb-forms-field-set uagb-block-c68400c0\"><div class=\"uagb-forms-textarea-label  uagb-forms-input-label\" id=\"c68400c0\"><strong><mark style=\"background-color:rgba(0, 0, 0, 0)\" class=\"has-inline-color has-neve-link-hover-color-color\">J\u016bs\u0173 u\u017eklausa<\/mark><\/strong><\/div><textarea class=\"uagb-forms-textarea-input uagb-forms-input\" rows=\"3\" placeholder=\"\" name=\"c68400c0\" autocomplete=\"off\"><\/textarea><\/div>\n\n\n\n<div class=\"wp-block-uagb-forms-checkbox uagb-forms-checkbox-wrap uagb-forms-field-set uagb-block-21280cd8\"><div class=\"uagb-forms-checkbox-label  uagb-forms-input-label\" id=\"21280cd8\"><\/div><input type=\"checkbox\" class=\"uagb-forms-checkbox\" id=\"checkbox-sutinku-su-privatumo-politika-21280cd8\" name=\"[]\" value=\"Sutinku su privatumo politika\"\/><label for=\"checkbox-sutinku-su-privatumo-politika-21280cd8\">Sutinku su privatumo politika<\/label><br\/><\/div>\n<div class=\"uagb-forms-form-hidden-data\"><input type=\"hidden\" class=\"uagb_forms_form_label\" value=\"Spectra Form\"\/><input type=\"hidden\" class=\"uagb_forms_form_id\" value=\"uagb-form-2884e488\"\/><\/div><div class=\"uagb-form-reacaptcha-error-2884e488\"><\/div><div class=\"uagb-forms-main-submit-button-wrap wp-block-button\"><button class=\"uagb-forms-main-submit-button wp-block-button__link\"><div class=\"uagb-forms-main-submit-button-text\">PATEIKTI U\u017dKLAUS\u0104<\/div><\/button><\/div><\/form><div class=\"uagb-forms-success-message-2884e488 uagb-forms-submit-message-hide\"><span>The form has been submitted successfully!<\/span><\/div><div class=\"uagb-forms-failed-message-2884e488 uagb-forms-submit-message-hide\"><span>There has been some error while submitting the form. Please verify all form fields again.<\/span><\/div><\/div>\n\n\n\n<div class=\"wp-block-uagb-info-box uagb-block-d6b570b9 uagb-infobox__content-wrap  uagb-infobox-icon-above-title uagb-infobox-image-valign-top\"><div class=\"uagb-ifb-content\"><div class=\"uagb-ifb-title-wrap\"><h2 class=\"uagb-ifb-title\">PATEIKITE U\u017dKLAUS\u0104<\/h2><\/div><p class=\"uagb-ifb-desc\"><mark style=\"background-color:rgba(0, 0, 0, 0)\" class=\"has-inline-color has-neve-link-hover-color-color\">mes su Jumis susieksime<\/mark><\/p><\/div><\/div>\n<\/div>\n\n\n\n<div class=\"wp-block-uagb-container uagb-block-f3d35d25\">\n<div class=\"wp-block-uagb-info-box uagb-block-712f620b uagb-infobox__content-wrap  uagb-infobox-icon-above-title uagb-infobox-image-valign-top\"><div class=\"uagb-ifb-content\"><div class=\"uagb-ifb-title-wrap\"><h2 class=\"uagb-ifb-title\">REKVIZITAI<\/h2><\/div><\/div><\/div>\n\n\n\n<div class=\"wp-block-uagb-container uagb-block-280efcfc\">\n<div class=\"wp-block-uagb-info-box uagb-block-f30324b3 uagb-infobox__content-wrap  uagb-infobox-icon-left-title uagb-infobox-left uagb-infobox-image-valign-top\"><div class=\"uagb-ifb-content\"><div class=\"uagb-ifb-left-title-image\"><div class=\"uagb-ifb-title-wrap\"><h3 class=\"uagb-ifb-title\">\u012emon\u0117: MB ,,Framest statyba&#8221;<\/h3><\/div><\/div><\/div><\/div>\n\n\n\n<p><\/p>\n\n\n\n<div class=\"wp-block-uagb-info-box uagb-block-c31e0017 uagb-infobox__content-wrap  uagb-infobox-icon-left-title uagb-infobox-left uagb-infobox-image-valign-top\"><div class=\"uagb-ifb-content\"><div class=\"uagb-ifb-left-title-image\"><div class=\"uagb-ifb-title-wrap\"><h3 class=\"uagb-ifb-title\">\u012emon\u0117s kodas: 306686897<\/h3><\/div><\/div><\/div><\/div>\n\n\n\n<p><\/p>\n\n\n\n<div class=\"wp-block-uagb-info-box uagb-block-275786e6 uagb-infobox__content-wrap  uagb-infobox-icon-left-title uagb-infobox-left uagb-infobox-image-valign-top\"><div class=\"uagb-ifb-content\"><div class=\"uagb-ifb-left-title-image\"><div class=\"uagb-ifb-title-wrap\"><h3 class=\"uagb-ifb-title\">Adresas: <mark style=\"background-color:rgba(0, 0, 0, 0)\" class=\"has-inline-color has-neve-text-color-color\">Verki\u0173 g.39-60, <\/mark>Vilnius<\/h3><\/div><\/div><\/div><\/div>\n\n\n\n<p><\/p>\n\n\n\n<div class=\"wp-block-uagb-info-box uagb-block-dd299685 uagb-infobox__content-wrap  uagb-infobox-icon-left-title uagb-infobox-left uagb-infobox-image-valign-top\"><div class=\"uagb-ifb-content\"><div class=\"uagb-ifb-left-title-image\"><div class=\"uagb-ifb-title-wrap\"><h3 class=\"uagb-ifb-title\"><mark style=\"background-color:rgba(0, 0, 0, 0)\" class=\"has-inline-color has-neve-text-color-color\">Mob. tel.: +37066698752<\/mark><\/h3><\/div><\/div><\/div><\/div>\n\n\n\n<p><\/p>\n\n\n\n<div class=\"wp-block-uagb-info-box uagb-block-a5a240a8 uagb-infobox__content-wrap  uagb-infobox-icon-left-title uagb-infobox-left uagb-infobox-image-valign-top\"><div class=\"uagb-ifb-content\"><div class=\"uagb-ifb-left-title-image\"><div class=\"uagb-ifb-title-wrap\"><h3 class=\"uagb-ifb-title\"><mark style=\"background-color:rgba(0, 0, 0, 0)\" class=\"has-inline-color has-neve-text-color-color\"><strong>A\/S Nr<\/strong>.:<\/mark> LT057300010184374947<\/h3><\/div><\/div><\/div><\/div>\n\n\n\n<p><\/p>\n\n\n\n<div class=\"wp-block-uagb-info-box uagb-block-69024333 uagb-infobox__content-wrap  uagb-infobox-icon-left-title uagb-infobox-left uagb-infobox-image-valign-top\"><div class=\"uagb-ifb-content\"><div class=\"uagb-ifb-left-title-image\"><div class=\"uagb-ifb-title-wrap\"><h3 class=\"uagb-ifb-title\"><mark style=\"background-color:rgba(0, 0, 0, 0)\" class=\"has-inline-color has-neve-text-color-color\"><strong>Bankas<\/strong>:<\/mark> Swedbank AB<\/h3><\/div><\/div><\/div><\/div>\n\n\n\n<p><\/p>\n\n\n\n<div class=\"wp-block-uagb-info-box uagb-block-1622c95c uagb-infobox__content-wrap  uagb-infobox-icon-left-title uagb-infobox-left uagb-infobox-image-valign-top\"><div class=\"uagb-ifb-content\"><div class=\"uagb-ifb-left-title-image\"><div class=\"uagb-ifb-title-wrap\"><h3 class=\"uagb-ifb-title\"><mark style=\"background-color:rgba(0, 0, 0, 0)\" class=\"has-inline-color has-neve-text-color-color\">El. pa\u0161tas: info@framest.lt<\/mark><\/h3><\/div><\/div><\/div><\/div>\n<\/div>\n<\/div>\n<\/div><\/div>\n\n\n\n<div class=\"wp-block-cover\" style=\"min-height:50px\"><span aria-hidden=\"true\" class=\"wp-block-cover__background has-nv-light-bg-background-color has-background-dim-100 has-background-dim\"><\/span><div class=\"wp-block-cover__inner-container is-layout-constrained wp-block-cover-is-layout-constrained\">\n<p class=\"has-text-align-center has-neve-link-color-color has-text-color has-link-color has-small-font-size wp-elements-ef1128a28139f08ab446d6fc650b12ac\">\u00a92024 MB &#8222;Framest statyba&#8221;. Visos teis\u0117s saugomos |&nbsp;<a href=\"http:\/\/framest.lt\/index.php\/privatumo-politika\/\" title=\"Privatumo politika\">Privatumo politika<\/a><\/p>\n<\/div><\/div>\n","protected":false},"excerpt":{"rendered":"<p>KONTAKTAI<\/p>\n","protected":false},"author":1,"featured_media":0,"parent":0,"menu_order":0,"comment_status":"closed","ping_status":"closed","template":"","meta":{"om_disable_all_campaigns":false,"_uag_custom_page_level_css":"","_monsterinsights_skip_tracking":false,"_monsterinsights_sitenote_active":false,"_monsterinsights_sitenote_note":"","_monsterinsights_sitenote_category":0,"neve_meta_sidebar":"default","neve_meta_container":"default","neve_meta_enable_content_width":"","neve_meta_content_width":0,"neve_meta_title_alignment":"left","neve_meta_author_avatar":"","neve_post_elements_order":"","neve_meta_disable_header":"off","neve_meta_disable_footer":"on","neve_meta_disable_title":"on","_kadence_starter_templates_imported_post":false,"footnotes":""},"aioseo_notices":[],"uagb_featured_image_src":{"full":false,"thumbnail":false,"medium":false,"medium_large":false,"large":false,"1536x1536":false,"2048x2048":false,"neve-blog":false},"uagb_author_info":{"display_name":"framest.lt","author_link":"https:\/\/framest.lt\/index.php\/author\/framest-lt\/"},"uagb_comment_info":0,"uagb_excerpt":"KONTAKTAI","_links":{"self":[{"href":"https:\/\/framest.lt\/index.php\/wp-json\/wp\/v2\/pages\/173"}],"collection":[{"href":"https:\/\/framest.lt\/index.php\/wp-json\/wp\/v2\/pages"}],"about":[{"href":"https:\/\/framest.lt\/index.php\/wp-json\/wp\/v2\/types\/page"}],"author":[{"embeddable":true,"href":"https:\/\/framest.lt\/index.php\/wp-json\/wp\/v2\/users\/1"}],"replies":[{"embeddable":true,"href":"https:\/\/framest.lt\/index.php\/wp-json\/wp\/v2\/comments?post=173"}],"version-history":[{"count":114,"href":"https:\/\/framest.lt\/index.php\/wp-json\/wp\/v2\/pages\/173\/revisions"}],"predecessor-version":[{"id":1556,"href":"https:\/\/framest.lt\/index.php\/wp-json\/wp\/v2\/pages\/173\/revisions\/1556"}],"wp:attachment":[{"href":"https:\/\/framest.lt\/index.php\/wp-json\/wp\/v2\/media?parent=173"}],"curies":[{"name":"wp","href":"https:\/\/api.w.org\/{rel}","templated":true}]}}