{"id":19,"date":"2023-12-24T11:54:01","date_gmt":"2023-12-24T11:54:01","guid":{"rendered":"https:\/\/framest.lt\/?page_id=19"},"modified":"2025-01-30T11:11:08","modified_gmt":"2025-01-30T11:11:08","slug":"karjera","status":"publish","type":"page","link":"https:\/\/framest.lt\/index.php\/karjera\/","title":{"rendered":"Karjera"},"content":{"rendered":"\n<div class=\"wp-block-cover aligncenter has-neve-link-color-color has-text-color has-link-color has-x-large-font-size wp-elements-1740e379108cfee397c0998f4c527771\" style=\"border-style:none;border-width:0px;border-radius:0px;padding-top:0;padding-bottom:0;min-height:113px\"><span aria-hidden=\"true\" class=\"wp-block-cover__background has-nv-light-bg-background-color has-background-dim-100 has-background-dim\"><\/span><div class=\"wp-block-cover__inner-container is-layout-constrained wp-block-cover-is-layout-constrained\">\n<p><\/p>\n\n\n\n<p class=\"has-text-align-center\" style=\"font-size:30px\">KARJERA<\/p>\n<\/div><\/div>\n\n\n\n<div class=\"wp-block-cover alignfull is-light\" style=\"padding-right:var(--wp--preset--spacing--20);padding-left:var(--wp--preset--spacing--20);min-height:600px\"><span aria-hidden=\"true\" class=\"wp-block-cover__background has-nv-site-bg-background-color has-background-dim-0 has-background-dim\"><\/span><img fetchpriority=\"high\" decoding=\"async\" width=\"1050\" height=\"600\" class=\"wp-block-cover__image-background wp-image-56\" alt=\"\" src=\"http:\/\/framest.lt\/wp-content\/uploads\/2023\/12\/horizontalus-tamsesnis-e1706113133880.png\" style=\"object-position:19% 41%\" data-object-fit=\"cover\" data-object-position=\"19% 41%\" srcset=\"https:\/\/framest.lt\/wp-content\/uploads\/2023\/12\/horizontalus-tamsesnis-e1706113133880.png 1050w, https:\/\/framest.lt\/wp-content\/uploads\/2023\/12\/horizontalus-tamsesnis-e1706113133880-300x171.png 300w, https:\/\/framest.lt\/wp-content\/uploads\/2023\/12\/horizontalus-tamsesnis-e1706113133880-1024x585.png 1024w, https:\/\/framest.lt\/wp-content\/uploads\/2023\/12\/horizontalus-tamsesnis-e1706113133880-768x439.png 768w\" sizes=\"(max-width: 1050px) 100vw, 1050px\" \/><div class=\"wp-block-cover__inner-container is-layout-flow wp-block-cover-is-layout-flow\">\n<div class=\"wp-block-group is-layout-flow wp-block-group-is-layout-flow\"><div class=\"wp-block-group__inner-container\">\n<p style=\"padding-top:var(--wp--preset--spacing--60);padding-right:var(--wp--preset--spacing--70);padding-bottom:var(--wp--preset--spacing--60);padding-left:var(--wp--preset--spacing--70);font-size:23px\"><strong>\u0160iuo metu Vilniuje ir Vilniaus rajone prie m\u016bs\u0173 komandos kvie\u010diame prisijungti&nbsp;\u0161iuos specialistus:<\/strong><\/p>\n\n\n\n<div class=\"wp-block-columns are-vertically-aligned-center has-neve-link-hover-color-color has-text-color has-link-color wp-elements-24ec06b771274faefd22c5582beb7f46 is-layout-flex wp-container-core-columns-layout-1 wp-block-columns-is-layout-flex\" style=\"padding-top:var(--wp--preset--spacing--40);padding-right:var(--wp--preset--spacing--50);padding-bottom:var(--wp--preset--spacing--40);padding-left:var(--wp--preset--spacing--70)\">\n<div class=\"wp-block-column has-neve-link-hover-color-color has-text-color has-link-color has-medium-font-size wp-elements-d62a002ce4baf55a56a2f45bc10bf15e is-layout-flow wp-block-column-is-layout-flow\" style=\"border-style:none;border-width:0px;padding-top:0;padding-right:0;padding-bottom:0;padding-left:0;flex-basis:40%\">\n<div class=\"wp-block-uagb-container uagb-block-9a90daa4 default uagb-is-root-container\">\n<div class=\"wp-block-uagb-forms uagb-forms__outer-wrap uagb-block-2884e488 uagb-forms__default-btn\"><form class=\"uagb-forms-main-form\" method=\"post\" autocomplete=\"on\" name=\"uagb-form-2884e488\">\n<div class=\"wp-block-uagb-forms-name uagb-forms-name-wrap uagb-forms-field-set uagb-block-a3de6022 uag-col-2\"><div class=\"uagb-forms-name-label  uagb-forms-input-label\" id=\"a3de6022\"><strong>Vardas<\/strong><\/div><input type=\"text\" placeholder=\"\" class=\"uagb-forms-name-input uagb-forms-input\" name=\"a3de6022\" autocomplete=\"given-name\"\/><\/div>\n\n\n\n<div class=\"wp-block-uagb-forms-name uagb-forms-name-wrap uagb-forms-field-set uagb-block-e4189235 uag-col-2\"><div class=\"uagb-forms-name-label  uagb-forms-input-label\" id=\"e4189235\"><strong>Pavard\u0117<\/strong><\/div><input type=\"text\" placeholder=\"\" class=\"uagb-forms-name-input uagb-forms-input\" name=\"e4189235\" autocomplete=\"off\"\/><\/div>\n\n\n\n<div class=\"wp-block-uagb-forms-name uagb-forms-name-wrap uagb-forms-field-set uagb-block-34ee9c76 uag-col-2\"><div class=\"uagb-forms-name-label  uagb-forms-input-label\" id=\"34ee9c76\"><strong>Telefonas<\/strong><\/div><input type=\"text\" placeholder=\"\" class=\"uagb-forms-name-input uagb-forms-input\" name=\"34ee9c76\" autocomplete=\"off\"\/><\/div>\n\n\n\n<div class=\"wp-block-uagb-forms-email uagb-forms-email-wrap uagb-forms-field-set uagb-block-606486ca\"><div class=\"uagb-forms-email-label  uagb-forms-input-label\" id=\"606486ca\"><strong>El. pa\u0161tas<\/strong><\/div><input type=\"email\" class=\"uagb-forms-email-input uagb-forms-input\" placeholder=\"\" name=\"606486ca\" autocomplete=\"email\"\/><\/div>\n\n\n\n<div class=\"wp-block-uagb-forms-textarea uagb-forms-textarea-wrap uagb-forms-field-set uagb-block-c68400c0\"><div class=\"uagb-forms-textarea-label  uagb-forms-input-label\" id=\"c68400c0\"><strong>J\u016bs\u0173 u\u017eklausa<\/strong><\/div><textarea class=\"uagb-forms-textarea-input uagb-forms-input\" rows=\"3\" placeholder=\"\" name=\"c68400c0\" autocomplete=\"off\"><\/textarea><\/div>\n\n\n\n<div class=\"wp-block-uagb-forms-checkbox uagb-forms-checkbox-wrap uagb-forms-field-set uagb-block-21280cd8\"><div class=\"uagb-forms-checkbox-label  uagb-forms-input-label\" id=\"21280cd8\"><\/div><input type=\"checkbox\" class=\"uagb-forms-checkbox\" id=\"checkbox-sutinku-su-privatumo-politika-21280cd8\" name=\"[]\" value=\"Sutinku su privatumo politika\"\/><label for=\"checkbox-sutinku-su-privatumo-politika-21280cd8\">Sutinku su privatumo politika<\/label><br\/><\/div>\n<div class=\"uagb-forms-form-hidden-data\"><input type=\"hidden\" class=\"uagb_forms_form_label\" value=\"Spectra Form\"\/><input type=\"hidden\" class=\"uagb_forms_form_id\" value=\"uagb-form-2884e488\"\/><\/div><div class=\"uagb-form-reacaptcha-error-2884e488\"><\/div><div class=\"uagb-forms-main-submit-button-wrap wp-block-button\"><button class=\"uagb-forms-main-submit-button wp-block-button__link\"><div class=\"uagb-forms-main-submit-button-text\">PATEIKTI U\u017dKLAUS\u0104<\/div><\/button><\/div><\/form><div class=\"uagb-forms-success-message-2884e488 uagb-forms-submit-message-hide\"><span>D\u0117kojame, u\u017e uklausim\u0105! Netrukus su jumis susisieksime.<\/span><\/div><div class=\"uagb-forms-failed-message-2884e488 uagb-forms-submit-message-hide\"><span>There has been some error while submitting the form. Please verify all form fields again.<\/span><\/div><\/div>\n\n\n\n<div class=\"wp-block-uagb-info-box uagb-block-d6b570b9 uagb-infobox__content-wrap  uagb-infobox-icon-above-title uagb-infobox-image-valign-top\"><div class=\"uagb-ifb-content\"><div class=\"uagb-ifb-title-wrap\"><h3 class=\"uagb-ifb-title\"><strong>PATEIKITE U\u017dKLAUS\u0104<\/strong><\/h3><\/div><p class=\"uagb-ifb-desc\"><mark style=\"background-color:rgba(0, 0, 0, 0)\" class=\"has-inline-color has-neve-text-color-color\">mes su Jumis susieksime<\/mark><\/p><\/div><\/div>\n<\/div>\n\n\n\n<div class=\"wp-block-group is-layout-constrained wp-block-group-is-layout-constrained\"><div class=\"wp-block-group__inner-container\"><style id=\"wpforms-css-vars-root\">\n\t\t\t\t:root {\n\t\t\t\t\t--wpforms-field-border-radius: 3px;\n--wpforms-field-background-color: #ffffff;\n--wpforms-field-border-color: rgba( 0, 0, 0, 0.25 );\n--wpforms-field-text-color: rgba( 0, 0, 0, 0.7 );\n--wpforms-label-color: rgba( 0, 0, 0, 0.85 );\n--wpforms-label-sublabel-color: rgba( 0, 0, 0, 0.55 );\n--wpforms-label-error-color: #d63637;\n--wpforms-button-border-radius: 3px;\n--wpforms-button-background-color: #066aab;\n--wpforms-button-text-color: #ffffff;\n--wpforms-field-size-input-height: 43px;\n--wpforms-field-size-input-spacing: 15px;\n--wpforms-field-size-font-size: 16px;\n--wpforms-field-size-line-height: 19px;\n--wpforms-field-size-padding-h: 14px;\n--wpforms-field-size-checkbox-size: 16px;\n--wpforms-field-size-sublabel-spacing: 5px;\n--wpforms-field-size-icon-size: 1;\n--wpforms-label-size-font-size: 16px;\n--wpforms-label-size-line-height: 19px;\n--wpforms-label-size-sublabel-font-size: 14px;\n--wpforms-label-size-sublabel-line-height: 17px;\n--wpforms-button-size-font-size: 17px;\n--wpforms-button-size-height: 41px;\n--wpforms-button-size-padding-h: 15px;\n--wpforms-button-size-margin-top: 10px;\n\n\t\t\t\t}\n\t\t\t<\/style><style id=\"wpforms-css-vars-1217-block-7e3f08dd-3290-428b-a766-4c20c9bbf0e7\">\n\t\t\t\t#wpforms-1217.wpforms-block-7e3f08dd-3290-428b-a766-4c20c9bbf0e7 {\n\t\t\t\t\t--wpforms-field-background-color: var(--nv-secondary-accent);\n--wpforms-field-border-color: var(--nv-secondary-accent);\n--wpforms-field-text-color: var(--nv-primary-accent);\n--wpforms-label-color: var(--nv-secondary-accent);\n--wpforms-label-sublabel-color: var(--nv-secondary-accent);\n--wpforms-label-error-color: var(--nv-secondary-accent);\n--wpforms-button-background-color: var(--nv-secondary-accent);\n--wpforms-button-text-color: var(--nv-primary-accent);\n--wpforms-field-size-input-height: 31px;\n--wpforms-field-size-input-spacing: 10px;\n--wpforms-field-size-font-size: 14px;\n--wpforms-field-size-line-height: 17px;\n--wpforms-field-size-padding-h: 9px;\n--wpforms-field-size-checkbox-size: 14px;\n--wpforms-field-size-sublabel-spacing: 5px;\n--wpforms-field-size-icon-size: 0.75;\n--wpforms-label-size-font-size: 18px;\n--wpforms-label-size-line-height: 21px;\n--wpforms-label-size-sublabel-font-size: 16px;\n--wpforms-label-size-sublabel-line-height: 19px;\n\n\t\t\t\t}\n\t\t\t<\/style><div class=\"wpforms-container wpforms-container-full wpforms-block wpforms-block-7e3f08dd-3290-428b-a766-4c20c9bbf0e7 wpforms-render-modern\" id=\"wpforms-1217\"><form id=\"wpforms-form-1217\" class=\"wpforms-validate wpforms-form wpforms-ajax-form\" data-formid=\"1217\" method=\"post\" enctype=\"multipart\/form-data\" action=\"\/index.php\/wp-json\/wp\/v2\/pages\/19\" data-token=\"fde76437a05aa103498f053a2fbfa7f4\"><noscript class=\"wpforms-error-noscript\">Please enable JavaScript in your browser to complete this form.<\/noscript><div class=\"wpforms-hidden\" id=\"wpforms-error-noscript\">Please enable JavaScript in your browser to complete this form.<\/div><div class=\"wpforms-field-container\"><div id=\"wpforms-1217-field_1-container\" class=\"wpforms-field wpforms-field-upwpforms_file_upload\" data-field-id=\"1\"><label class=\"wpforms-field-label\" for=\"wpforms-1217-field_1\">Prid\u0117ti gyvenimo apra\u0161ym\u0105<\/label>        <div class=\"upwpforms-uploader upwpforms-file-upload\"\n             data-max-size=\"\"\n             data-max-files=\"1\"\n             data-max-post-size=\"1 GB\"\n             data-extensions=\"\"\n             data-media-library=\"\"\n             data-field-id=\"1\"\n             data-form-id=\"1217\"\n        >\n            <div class=\"upwpforms-uploader-body\">\n                <span class=\"uploader-text\">Drag and drop files here or<\/span>\n\n                <div class=\"uploader-buttons\">\n                    <button type=\"button\" class=\"upwpforms-uploader-browse\">\n                        <span>Browse Files<\/span>\n                    <\/button>\n                <\/div>\n\n            <\/div>\n\n            <div class=\"file-list\"><\/div>\n\n            <div class=\"uploader-hint\">\n                <span class=\"max-files-label hidden\">Upload upto <span class=\"number\">1<\/span> Files.<\/span>\n                <span class=\"max-size-label hidden\">Max File Size: <span class=\"size\"><\/span><\/span>\n            <\/div>\n        <\/div>\n\t\t<input type=\"text\" style=\"position:absolute!important;clip:rect(0,0,0,0)!important;height:1px!important;width:1px!important;border:0!important;overflow:hidden!important;padding:0!important;margin:0!important;\" name=\"wpforms[fields][1]\" id=\"wpforms-1217-field_1\" class=\"upload-file-list\" ><\/div><\/div><!-- .wpforms-field-container --><div class=\"wpforms-submit-container\" ><input type=\"hidden\" name=\"wpforms[id]\" value=\"1217\"><input type=\"hidden\" name=\"wpforms[author]\" value=\"1\"><button type=\"submit\" name=\"wpforms[submit]\" id=\"wpforms-submit-1217\" class=\"wpforms-submit\" data-alt-text=\"Siun\u010diama\" data-submit-text=\"Pateikti\" aria-live=\"assertive\" value=\"wpforms-submit\">Pateikti<\/button><img decoding=\"async\" src=\"https:\/\/framest.lt\/wp-content\/plugins\/wpforms-lite\/assets\/images\/submit-spin.svg\" class=\"wpforms-submit-spinner\" style=\"display: none;\" width=\"26\" height=\"26\" alt=\"Loading\"><\/div><\/form><\/div>  <!-- .wpforms-container --><\/div><\/div>\n<\/div>\n\n\n\n<div class=\"wp-block-column is-vertically-aligned-center has-large-font-size is-layout-flow wp-block-column-is-layout-flow\" style=\"padding-top:0;padding-right:var(--wp--preset--spacing--40);padding-bottom:0;padding-left:var(--wp--preset--spacing--40);flex-basis:30%\">\n<p style=\"font-size:23px\"><strong>BETONUOTOJUS \/ MONTUOTOJUS<\/strong><\/p>\n\n\n\n<div class=\"wp-block-uagb-image aligncenter uagb-block-40212671 wp-block-uagb-image--layout-default wp-block-uagb-image--effect-static wp-block-uagb-image--align-center\"><figure class=\"wp-block-uagb-image__figure\"><img loading=\"lazy\" decoding=\"async\" srcset=\"https:\/\/framest.lt\/wp-content\/uploads\/2024\/01\/beam.png ,https:\/\/framest.lt\/wp-content\/uploads\/2024\/01\/beam.png 780w, https:\/\/framest.lt\/wp-content\/uploads\/2024\/01\/beam.png 360w\" sizes=\"(max-width: 480px) 150px\" src=\"https:\/\/framest.lt\/wp-content\/uploads\/2024\/01\/beam.png\" alt=\"\" class=\"uag-image-1324\" width=\"150\" height=\"150\" title=\"\" loading=\"lazy\"\/><\/figure><\/div>\n\n\n\n<p class=\"has-medium-font-size\"><\/p>\n\n\n\n<p class=\"has-medium-font-size\"><strong><mark style=\"background-color:var(--nv-secondary-accent)\" class=\"has-inline-color has-neve-link-color-color\">DARBO POB\u016aDIS:<\/mark><\/strong><\/p>\n\n\n\n<ul>\n<li class=\"has-medium-font-size\">Gel\u017ebetonini\u0173 konstrukcij\u0173 \u012frengimas (armavimas, klojini\u0173 montavimas, betonavimas) ma\u017eos ir didel\u0117s apimties objektuose;<\/li>\n\n\n\n<li class=\"has-medium-font-size\">Gel\u017ebetonini\u0173 konstrukcij\u0173 montavimas;<\/li>\n\n\n\n<li class=\"has-medium-font-size\">Metalo konstrukcij\u0173 montavimas; <\/li>\n\n\n\n<li class=\"has-medium-font-size\">Darbas komandoje.<\/li>\n<\/ul>\n\n\n\n<p class=\"has-medium-font-size\"><mark style=\"background-color:var(--nv-secondary-accent)\" class=\"has-inline-color has-neve-link-color-color\">REIKALAVIMAI:<\/mark><\/p>\n\n\n\n<ul>\n<li class=\"has-medium-font-size\">Atsakingumas, geb\u0117jimas dirbti komandoje;<\/li>\n\n\n\n<li class=\"has-medium-font-size\">Geb\u0117jimas dirbti su elektriniais ir akumuliatoriniais \u012frankiais;<\/li>\n\n\n\n<li class=\"has-medium-font-size\">Geb\u0117jimas \u012frengti \u012fvairaus tipo klojinius, atlikti armavimo darbus;<\/li>\n\n\n\n<li class=\"has-medium-font-size\">Betonavimo technologijos i\u0161manymas;<\/li>\n\n\n\n<li class=\"has-medium-font-size\">Darbo patirtis su betonavimo darbais nuo 2 met\u0173.<\/li>\n<\/ul>\n\n\n\n<p class=\"has-medium-font-size\"><strong><mark style=\"background-color:var(--nv-secondary-accent)\" class=\"has-inline-color has-neve-link-color-color\">PRIVAL\u016aMAI:<\/mark><\/strong><\/p>\n\n\n\n<ul>\n<li class=\"has-medium-font-size\">Geb\u0117jimas skaityti br\u0117\u017einius ir dirbti su lazeriniu nivelyru;<\/li>\n\n\n\n<li class=\"has-medium-font-size\">Kvalifikacijos pa\u017eym\u0117jimai (pvz.stropuotoj\u0173, auk\u0161talipio);<\/li>\n\n\n\n<li class=\"has-medium-font-size\">Be \u017ealing\u0173 \u012fpro\u010di\u0173.<\/li>\n<\/ul>\n\n\n\n<p class=\"has-medium-font-size\"><strong><mark style=\"background-color:var(--nv-secondary-accent)\" class=\"has-inline-color has-neve-link-color-color\">\u012eMON\u0116 SI\u016aLO:<\/mark><\/strong><\/p>\n\n\n\n<ul>\n<li class=\"has-medium-font-size\">Motyvuojant\u012f darbo u\u017emokest\u012f priklausant\u012f nuo kompetencijos ir darbo rezultat\u0173;<\/li>\n\n\n\n<li class=\"has-medium-font-size\">Visas darbui reikalingas priemones;<\/li>\n\n\n\n<li class=\"has-medium-font-size\">Socialines garantijas;<\/li>\n\n\n\n<li class=\"has-medium-font-size\">Draugi\u0161k\u0105 darbo aplink\u0105 bei patirt\u012f su savo srities profesionalais.<\/li>\n<\/ul>\n\n\n\n<div class=\"wp-block-buttons is-content-justification-center is-layout-flex wp-container-core-buttons-layout-1 wp-block-buttons-is-layout-flex\"><\/div>\n<\/div>\n<\/div>\n<\/div><\/div>\n<\/div><\/div>\n\n\n\n<div class=\"wp-block-cover aligncenter has-neve-link-color-color has-text-color has-link-color has-x-large-font-size wp-elements-91c37eee9ab940149c9679ee8ac688d7\" style=\"border-style:none;border-width:0px;border-radius:0px;padding-top:0;padding-bottom:0;min-height:50px\"><span aria-hidden=\"true\" class=\"wp-block-cover__background has-nv-light-bg-background-color has-background-dim-100 has-background-dim\"><\/span><div class=\"wp-block-cover__inner-container is-layout-constrained wp-block-cover-is-layout-constrained\">\n<p class=\"has-text-align-center has-small-font-size\">\u00a92024 MB ,,Framest statyba&#8221;. Visos teis\u0117s saugomos |&nbsp;<a href=\"http:\/\/framest.lt\/index.php\/privatumo-politika\/\" title=\"Privatumo politika\">Privatumo politika<\/a><\/p>\n<\/div><\/div>\n","protected":false},"excerpt":{"rendered":"","protected":false},"author":1,"featured_media":0,"parent":0,"menu_order":0,"comment_status":"closed","ping_status":"closed","template":"","meta":{"om_disable_all_campaigns":false,"_uag_custom_page_level_css":"","_monsterinsights_skip_tracking":false,"_monsterinsights_sitenote_active":false,"_monsterinsights_sitenote_note":"","_monsterinsights_sitenote_category":0,"neve_meta_sidebar":"","neve_meta_container":"","neve_meta_enable_content_width":"on","neve_meta_content_width":100,"neve_meta_title_alignment":"","neve_meta_author_avatar":"","neve_post_elements_order":"","neve_meta_disable_header":"","neve_meta_disable_footer":"","neve_meta_disable_title":"on","_kadence_starter_templates_imported_post":false,"footnotes":"[]"},"aioseo_notices":[],"uagb_featured_image_src":{"full":false,"thumbnail":false,"medium":false,"medium_large":false,"large":false,"1536x1536":false,"2048x2048":false,"neve-blog":false},"uagb_author_info":{"display_name":"framest.lt","author_link":"https:\/\/framest.lt\/index.php\/author\/framest-lt\/"},"uagb_comment_info":0,"uagb_excerpt":null,"_links":{"self":[{"href":"https:\/\/framest.lt\/index.php\/wp-json\/wp\/v2\/pages\/19"}],"collection":[{"href":"https:\/\/framest.lt\/index.php\/wp-json\/wp\/v2\/pages"}],"about":[{"href":"https:\/\/framest.lt\/index.php\/wp-json\/wp\/v2\/types\/page"}],"author":[{"embeddable":true,"href":"https:\/\/framest.lt\/index.php\/wp-json\/wp\/v2\/users\/1"}],"replies":[{"embeddable":true,"href":"https:\/\/framest.lt\/index.php\/wp-json\/wp\/v2\/comments?post=19"}],"version-history":[{"count":308,"href":"https:\/\/framest.lt\/index.php\/wp-json\/wp\/v2\/pages\/19\/revisions"}],"predecessor-version":[{"id":1704,"href":"https:\/\/framest.lt\/index.php\/wp-json\/wp\/v2\/pages\/19\/revisions\/1704"}],"wp:attachment":[{"href":"https:\/\/framest.lt\/index.php\/wp-json\/wp\/v2\/media?parent=19"}],"curies":[{"name":"wp","href":"https:\/\/api.w.org\/{rel}","templated":true}]}}